{"id":573,"date":"2022-01-24T11:04:40","date_gmt":"2022-01-24T10:04:40","guid":{"rendered":"https:\/\/evaugalde.com\/mi-cuenta\/"},"modified":"2022-09-28T09:11:53","modified_gmt":"2022-09-28T07:11:53","slug":"mi-cuenta-descargas","status":"publish","type":"page","link":"https:\/\/evaugalde.com\/es\/mi-cuenta-descargas\/","title":{"rendered":"Mi cuenta"},"content":{"rendered":"\n\n[et_pb_section][et_pb_row][et_pb_column type=&#8221;4_4&#8243;][et_pb_text]<!-- divi:shortcode -->\n<div class=\"woocommerce\"><\/div>\n<!-- \/divi:shortcode -->[\/et_pb_text][\/et_pb_column][\/et_pb_row][\/et_pb_section]\n\n","protected":false},"excerpt":{"rendered":"<p><div class=\"et_pb_section et_pb_section_0 et_section_regular\" >\n\t\t\t\t\n\t\t\t\t\n\t\t\t\t\n\t\t\t\t\n\t\t\t\t\n\t\t\t\t\n\t\t\t\t\n\t\t\t\t\n\t\t\t\t\n\t\t\t<\/div><div class=\"et_pb_row et_pb_row_0 et_pb_row_empty\">\n\t\t\t\t\n\t\t\t\t\n\t\t\t\t\n\t\t\t\t\n\t\t\t\t\n\t\t\t<\/div><div class=\"et_pb_module et_pb_text et_pb_text_0  et_pb_text_align_left et_pb_bg_layout_light\">\n\t\t\t\t\n\t\t\t\t\n\t\t\t\t\n\t\t\t\t\n\t\t\t\t\n\t\t\t<\/div> <div class=\"woocommerce\"><\/div><\/p>\n","protected":false},"author":8,"featured_media":0,"parent":0,"menu_order":0,"comment_status":"closed","ping_status":"closed","template":"","meta":{"_et_pb_use_builder":"on","_et_pb_old_content":"<!-- wp:shortcode -->\n[woocommerce_my_account]\n<!-- \/wp:shortcode -->","_et_gb_content_width":"","_sitemap_exclude":false,"_sitemap_priority":"","_sitemap_frequency":"","footnotes":""},"class_list":["post-573","page","type-page","status-publish","hentry"],"yoast_head":"<!-- This site is optimized with the Yoast SEO plugin v26.6 - https:\/\/yoast.com\/wordpress\/plugins\/seo\/ -->\n<title>Mi cuenta - evaugalde.com<\/title>\n<meta name=\"description\" content=\"Esta es la p\u00e1gina de tu cuenta en la web oficial. Aqu\u00ed podr\u00e1s encontrar las partituras y tus compras. Puedes cambiar tu email u otro dato.\" \/>\n<meta name=\"robots\" content=\"index, follow, max-snippet:-1, max-image-preview:large, max-video-preview:-1\" \/>\n<link rel=\"canonical\" href=\"https:\/\/evaugalde.com\/es\/mi-cuenta-descargas\/\" \/>\n<meta property=\"og:locale\" content=\"es_ES\" \/>\n<meta property=\"og:type\" content=\"article\" \/>\n<meta property=\"og:title\" content=\"Mi cuenta - evaugalde.com\" \/>\n<meta property=\"og:description\" content=\"Esta es la p\u00e1gina de tu cuenta en la web oficial. Aqu\u00ed podr\u00e1s encontrar las partituras y tus compras. Puedes cambiar tu email u otro dato.\" \/>\n<meta property=\"og:url\" content=\"https:\/\/evaugalde.com\/es\/mi-cuenta-descargas\/\" \/>\n<meta property=\"og:site_name\" content=\"evaugalde.com\" \/>\n<meta property=\"article:modified_time\" content=\"2022-09-28T07:11:53+00:00\" \/>\n<meta name=\"twitter:card\" content=\"summary_large_image\" \/>\n<script type=\"application\/ld+json\" class=\"yoast-schema-graph\">{\"@context\":\"https:\/\/schema.org\",\"@graph\":[{\"@type\":\"WebPage\",\"@id\":\"https:\/\/evaugalde.com\/mi-cuenta-descargas\/\",\"url\":\"https:\/\/evaugalde.com\/mi-cuenta-descargas\/\",\"name\":\"Mi cuenta - evaugalde.com\",\"isPartOf\":{\"@id\":\"https:\/\/evaugalde.com\/es\/#website\"},\"datePublished\":\"2022-01-24T10:04:40+00:00\",\"dateModified\":\"2022-09-28T07:11:53+00:00\",\"description\":\"Esta es la p\u00e1gina de tu cuenta en la web oficial. Aqu\u00ed podr\u00e1s encontrar las partituras y tus compras. Puedes cambiar tu email u otro dato.\",\"breadcrumb\":{\"@id\":\"https:\/\/evaugalde.com\/mi-cuenta-descargas\/#breadcrumb\"},\"inLanguage\":\"es\",\"potentialAction\":[{\"@type\":\"ReadAction\",\"target\":[\"https:\/\/evaugalde.com\/mi-cuenta-descargas\/\"]}]},{\"@type\":\"BreadcrumbList\",\"@id\":\"https:\/\/evaugalde.com\/mi-cuenta-descargas\/#breadcrumb\",\"itemListElement\":[{\"@type\":\"ListItem\",\"position\":1,\"name\":\"inicio\",\"item\":\"https:\/\/evaugalde.com\/\"},{\"@type\":\"ListItem\",\"position\":2,\"name\":\"Mi cuenta\"}]},{\"@type\":\"WebSite\",\"@id\":\"https:\/\/evaugalde.com\/es\/#website\",\"url\":\"https:\/\/evaugalde.com\/es\/\",\"name\":\"evaugalde.com\",\"description\":\"Eva Ugalde, compositora donostiarra\",\"publisher\":{\"@id\":\"https:\/\/evaugalde.com\/es\/#\/schema\/person\/56c0237c3744fdd6c3b347a6dd9a9809\"},\"potentialAction\":[{\"@type\":\"SearchAction\",\"target\":{\"@type\":\"EntryPoint\",\"urlTemplate\":\"https:\/\/evaugalde.com\/es\/?s={search_term_string}\"},\"query-input\":{\"@type\":\"PropertyValueSpecification\",\"valueRequired\":true,\"valueName\":\"search_term_string\"}}],\"inLanguage\":\"es\"},{\"@type\":[\"Person\",\"Organization\"],\"@id\":\"https:\/\/evaugalde.com\/es\/#\/schema\/person\/56c0237c3744fdd6c3b347a6dd9a9809\",\"name\":\"Eva Ugalde\",\"image\":{\"@type\":\"ImageObject\",\"inLanguage\":\"es\",\"@id\":\"https:\/\/evaugalde.com\/es\/#\/schema\/person\/image\/\",\"url\":\"https:\/\/evaugalde.com\/wp-content\/uploads\/2022\/09\/Eva-Ugalde-byn.jpeg\",\"contentUrl\":\"https:\/\/evaugalde.com\/wp-content\/uploads\/2022\/09\/Eva-Ugalde-byn.jpeg\",\"width\":576,\"height\":1024,\"caption\":\"Eva Ugalde\"},\"logo\":{\"@id\":\"https:\/\/evaugalde.com\/es\/#\/schema\/person\/image\/\"},\"sameAs\":[\"https:\/\/evaugalde.com\"]}]}<\/script>\n<!-- \/ Yoast SEO plugin. -->","yoast_head_json":{"title":"Mi cuenta - evaugalde.com","description":"Esta es la p\u00e1gina de tu cuenta en la web oficial. Aqu\u00ed podr\u00e1s encontrar las partituras y tus compras. Puedes cambiar tu email u otro dato.","robots":{"index":"index","follow":"follow","max-snippet":"max-snippet:-1","max-image-preview":"max-image-preview:large","max-video-preview":"max-video-preview:-1"},"canonical":"https:\/\/evaugalde.com\/es\/mi-cuenta-descargas\/","og_locale":"es_ES","og_type":"article","og_title":"Mi cuenta - evaugalde.com","og_description":"Esta es la p\u00e1gina de tu cuenta en la web oficial. Aqu\u00ed podr\u00e1s encontrar las partituras y tus compras. Puedes cambiar tu email u otro dato.","og_url":"https:\/\/evaugalde.com\/es\/mi-cuenta-descargas\/","og_site_name":"evaugalde.com","article_modified_time":"2022-09-28T07:11:53+00:00","twitter_card":"summary_large_image","schema":{"@context":"https:\/\/schema.org","@graph":[{"@type":"WebPage","@id":"https:\/\/evaugalde.com\/mi-cuenta-descargas\/","url":"https:\/\/evaugalde.com\/mi-cuenta-descargas\/","name":"Mi cuenta - evaugalde.com","isPartOf":{"@id":"https:\/\/evaugalde.com\/es\/#website"},"datePublished":"2022-01-24T10:04:40+00:00","dateModified":"2022-09-28T07:11:53+00:00","description":"Esta es la p\u00e1gina de tu cuenta en la web oficial. Aqu\u00ed podr\u00e1s encontrar las partituras y tus compras. Puedes cambiar tu email u otro dato.","breadcrumb":{"@id":"https:\/\/evaugalde.com\/mi-cuenta-descargas\/#breadcrumb"},"inLanguage":"es","potentialAction":[{"@type":"ReadAction","target":["https:\/\/evaugalde.com\/mi-cuenta-descargas\/"]}]},{"@type":"BreadcrumbList","@id":"https:\/\/evaugalde.com\/mi-cuenta-descargas\/#breadcrumb","itemListElement":[{"@type":"ListItem","position":1,"name":"inicio","item":"https:\/\/evaugalde.com\/"},{"@type":"ListItem","position":2,"name":"Mi cuenta"}]},{"@type":"WebSite","@id":"https:\/\/evaugalde.com\/es\/#website","url":"https:\/\/evaugalde.com\/es\/","name":"evaugalde.com","description":"Eva Ugalde, compositora donostiarra","publisher":{"@id":"https:\/\/evaugalde.com\/es\/#\/schema\/person\/56c0237c3744fdd6c3b347a6dd9a9809"},"potentialAction":[{"@type":"SearchAction","target":{"@type":"EntryPoint","urlTemplate":"https:\/\/evaugalde.com\/es\/?s={search_term_string}"},"query-input":{"@type":"PropertyValueSpecification","valueRequired":true,"valueName":"search_term_string"}}],"inLanguage":"es"},{"@type":["Person","Organization"],"@id":"https:\/\/evaugalde.com\/es\/#\/schema\/person\/56c0237c3744fdd6c3b347a6dd9a9809","name":"Eva Ugalde","image":{"@type":"ImageObject","inLanguage":"es","@id":"https:\/\/evaugalde.com\/es\/#\/schema\/person\/image\/","url":"https:\/\/evaugalde.com\/wp-content\/uploads\/2022\/09\/Eva-Ugalde-byn.jpeg","contentUrl":"https:\/\/evaugalde.com\/wp-content\/uploads\/2022\/09\/Eva-Ugalde-byn.jpeg","width":576,"height":1024,"caption":"Eva Ugalde"},"logo":{"@id":"https:\/\/evaugalde.com\/es\/#\/schema\/person\/image\/"},"sameAs":["https:\/\/evaugalde.com"]}]}},"_links":{"self":[{"href":"https:\/\/evaugalde.com\/es\/wp-json\/wp\/v2\/pages\/573","targetHints":{"allow":["GET"]}}],"collection":[{"href":"https:\/\/evaugalde.com\/es\/wp-json\/wp\/v2\/pages"}],"about":[{"href":"https:\/\/evaugalde.com\/es\/wp-json\/wp\/v2\/types\/page"}],"author":[{"embeddable":true,"href":"https:\/\/evaugalde.com\/es\/wp-json\/wp\/v2\/users\/8"}],"replies":[{"embeddable":true,"href":"https:\/\/evaugalde.com\/es\/wp-json\/wp\/v2\/comments?post=573"}],"version-history":[{"count":1,"href":"https:\/\/evaugalde.com\/es\/wp-json\/wp\/v2\/pages\/573\/revisions"}],"predecessor-version":[{"id":698,"href":"https:\/\/evaugalde.com\/es\/wp-json\/wp\/v2\/pages\/573\/revisions\/698"}],"wp:attachment":[{"href":"https:\/\/evaugalde.com\/es\/wp-json\/wp\/v2\/media?parent=573"}],"curies":[{"name":"wp","href":"https:\/\/api.w.org\/{rel}","templated":true}]}}