{"id":3,"date":"2021-12-06T14:09:23","date_gmt":"2021-12-06T14:09:23","guid":{"rendered":"https:\/\/evaugalde.com\/?page_id=3"},"modified":"2022-09-28T08:17:17","modified_gmt":"2022-09-28T06:17:17","slug":"politica-privacidad","status":"publish","type":"page","link":"https:\/\/evaugalde.com\/es\/politica-privacidad\/","title":{"rendered":"Pol\u00edtica de privacidad"},"content":{"rendered":"\n<h2 class=\"wp-block-heading\" id=\"quienes-somos\">Qui\u00e9nes somos<\/h2>\n\n\n\n<p>La direcci\u00f3n de mi web es: https:\/\/evaugalde.com.<\/p>\n\n\n\n<h2 class=\"wp-block-heading\" id=\"comentarios\">Comentarios<\/h2>\n\n\n\n<p>Cuando los visitantes dejan comentarios en la web, se recopilan los datos que se muestran en el formulario de comentarios, as\u00ed como la direcci\u00f3n IP del visitante y la cadena de agentes de usuario del navegador para ayudar a la detecci\u00f3n de spam.<\/p>\n\n\n\n<p>Una cadena an\u00f3nima creada a partir de tu direcci\u00f3n de correo electr\u00f3nico (tambi\u00e9n llamada hash) puede ser proporcionada al servicio de Gravatar para ver si la est\u00e1s usando. La pol\u00edtica de privacidad del servicio Gravatar est\u00e1 disponible aqu\u00ed: https:\/\/automattic.com\/privacy\/. Despu\u00e9s de la aprobaci\u00f3n de tu comentario, la imagen de tu perfil es visible para el p\u00fablico en el contexto de tu comentario.<\/p>\n\n\n\n<h2 class=\"wp-block-heading\"><\/h2>\n\n\n\n<p><\/p>\n\n\n\n<h2 class=\"wp-block-heading\" id=\"cookies\">Cookies<\/h2>\n\n\n\n<p>Si dejas un comentario en  la web, puedes elegir guardar tu nombre, direcci\u00f3n de correo electr\u00f3nico y web en cookies. Esto es para tu comodidad, para que no tengas que volver a rellenar tus datos cuando dejes otro comentario. Estas cookies tendr\u00e1n una duraci\u00f3n de un a\u00f1o.<\/p>\n\n\n\n<p>Si tienes una cuenta y te conectas a este sitio web, instalaremos una cookie temporal para determinar si tu navegador acepta cookies. Esta cookie no contiene datos personales y se elimina al cerrar el navegador.<\/p>\n\n\n\n<p>Cuando accedas, tambi\u00e9n instalaremos varias cookies para guardar tu informaci\u00f3n de acceso y tus opciones de visualizaci\u00f3n de pantalla. Las cookies de acceso duran dos d\u00edas, y las cookies de opciones de pantalla duran un a\u00f1o. Si seleccionas \u00abRecu\u00e9rdarme\u00bb, tu acceso perdurar\u00e1 durante dos semanas. Si sales de tu cuenta, las cookies de acceso se eliminar\u00e1n.<\/p>\n\n\n\n<p>Si editas o publicas un art\u00edculo se guardar\u00e1 una cookie adicional en tu navegador. Esta cookie no incluye datos personales y simplemente indica el ID del art\u00edculo que acabas de editar. Caduca despu\u00e9s de 1 d\u00eda.<\/p>\n\n\n\n<h2 class=\"wp-block-heading\" id=\"contenido-incrustado-de-otros-sitios-web\">Contenido incrustado de otros sitios web<\/h2>\n\n\n\n<p>Los art\u00edculos de este sitio pueden incluir contenido incrustado (por ejemplo, v\u00eddeos, im\u00e1genes, art\u00edculos, etc.). El contenido incrustado de otras webs se comporta exactamente de la misma manera que si el visitante hubiera visitado la otra web.<\/p>\n\n\n\n<p>Estas web pueden recopilar datos sobre ti, utilizar cookies, incrustar un seguimiento adicional de terceros, y supervisar tu interacci\u00f3n con ese contenido incrustado, incluido el seguimiento de tu interacci\u00f3n con el contenido incrustado si tienes una cuenta y est\u00e1s conectado a esa web.<\/p>\n\n\n\n<h2 class=\"wp-block-heading\" id=\"con-quien-compartimos-tus-datos\">Con qui\u00e9n compartimos tus datos<\/h2>\n\n\n\n<p><strong class=\"privacy-policy-tutorial\"><\/strong>Si solicitas un restablecimiento de contrase\u00f1a, tu direcci\u00f3n IP ser\u00e1 incluida en el correo electr\u00f3nico de restablecimiento.<\/p>\n\n\n\n<h2 class=\"wp-block-heading\" id=\"cuanto-tiempo-conservamos-tus-datos\">Cu\u00e1nto tiempo conservamos tus datos<\/h2>\n\n\n\n<p><strong class=\"privacy-policy-tutorial\"> <\/strong>Si dejas un comentario, el comentario y sus metadatos se conservan indefinidamente. Esto es para que se pueda reconocer y aprobar comentarios sucesivos autom\u00e1ticamente, en lugar de mantenerlos en una cola de moderaci\u00f3n.<\/p>\n\n\n\n<p>De los usuarios que se registran en nuestra web (si los hay), tambi\u00e9n almacenamos la informaci\u00f3n personal que proporcionan en su perfil de usuario. Todos los usuarios pueden ver, editar o eliminar su informaci\u00f3n personal en cualquier momento (excepto que no pueden cambiar su nombre de usuario). Los administradores de la web tambi\u00e9n pueden ver y editar esa informaci\u00f3n.<\/p>\n\n\n\n<h2 class=\"wp-block-heading\" id=\"que-derechos-tienes-sobre-tus-datos\">Qu\u00e9 derechos tienes sobre tus datos<\/h2>\n\n\n\n<p><strong class=\"privacy-policy-tutorial\"> <\/strong>Si tienes una cuenta o has dejado comentarios en esta web, puedes solicitar que eliminemos cualquier dato personal que tengamos sobre t\u00ed. Esto no incluye ning\u00fan dato que sea obligatorio conservar con fines administrativos, legales o de seguridad.<\/p>\n\n\n\n<h2 class=\"wp-block-heading\" id=\"donde-enviamos-tus-datos\">D\u00f3nde se env\u00edan tus datos<\/h2>\n\n\n\n<p><strong class=\"privacy-policy-tutorial\"><\/strong>Los comentarios de los visitantes puede que los revise un servicio de detecci\u00f3n autom\u00e1tica de spam.<\/p>\n","protected":false},"excerpt":{"rendered":"<p>Qui\u00e9nes somos La direcci\u00f3n de mi web es: https:\/\/evaugalde.com. Comentarios Cuando los visitantes dejan comentarios en la web, se recopilan los datos que se muestran en el formulario de comentarios, as\u00ed como la direcci\u00f3n IP del visitante y la cadena de agentes de usuario del navegador para ayudar a la detecci\u00f3n de spam. Una cadena [&hellip;]<\/p>\n","protected":false},"author":1,"featured_media":0,"parent":0,"menu_order":0,"comment_status":"closed","ping_status":"open","template":"","meta":{"_et_pb_use_builder":"off","_et_pb_old_content":"<!-- wp:heading -->\n<h2 id=\"quienes-somos\">Qui\u00e9nes somos<\/h2>\n<!-- \/wp:heading -->\n\n<!-- wp:paragraph -->\n<p>La direcci\u00f3n de mi web es: https:\/\/evaugalde.com.<\/p>\n<!-- \/wp:paragraph -->\n\n<!-- wp:heading -->\n<h2 id=\"comentarios\">Comentarios<\/h2>\n<!-- \/wp:heading -->\n\n<!-- wp:paragraph -->\n<p>Cuando los visitantes dejan comentarios en la web, se recopilan los datos que se muestran en el formulario de comentarios, as\u00ed como la direcci\u00f3n IP del visitante y la cadena de agentes de usuario del navegador para ayudar a la detecci\u00f3n de spam.<\/p>\n<!-- \/wp:paragraph -->\n\n<!-- wp:paragraph -->\n<p>Una cadena an\u00f3nima creada a partir de tu direcci\u00f3n de correo electr\u00f3nico (tambi\u00e9n llamada hash) puede ser proporcionada al servicio de Gravatar para ver si la est\u00e1s usando. La pol\u00edtica de privacidad del servicio Gravatar est\u00e1 disponible aqu\u00ed: https:\/\/automattic.com\/privacy\/. Despu\u00e9s de la aprobaci\u00f3n de tu comentario, la imagen de tu perfil es visible para el p\u00fablico en el contexto de tu comentario.<\/p>\n<!-- \/wp:paragraph -->\n\n<!-- wp:heading -->\n<h2><\/h2>\n<!-- \/wp:heading -->\n\n<!-- wp:paragraph -->\n<p><\/p>\n<!-- \/wp:paragraph -->\n\n<!-- wp:heading -->\n<h2 id=\"cookies\">Cookies<\/h2>\n<!-- \/wp:heading -->\n\n<!-- wp:paragraph -->\n<p>Si dejas un comentario en  la web, puedes elegir guardar tu nombre, direcci\u00f3n de correo electr\u00f3nico y web en cookies. Esto es para tu comodidad, para que no tengas que volver a rellenar tus datos cuando dejes otro comentario. Estas cookies tendr\u00e1n una duraci\u00f3n de un a\u00f1o.<\/p>\n<!-- \/wp:paragraph -->\n\n<!-- wp:paragraph -->\n<p>Si tienes una cuenta y te conectas a este sitio web, instalaremos una cookie temporal para determinar si tu navegador acepta cookies. Esta cookie no contiene datos personales y se elimina al cerrar el navegador.<\/p>\n<!-- \/wp:paragraph -->\n\n<!-- wp:paragraph -->\n<p>Cuando accedas, tambi\u00e9n instalaremos varias cookies para guardar tu informaci\u00f3n de acceso y tus opciones de visualizaci\u00f3n de pantalla. Las cookies de acceso duran dos d\u00edas, y las cookies de opciones de pantalla duran un a\u00f1o. Si seleccionas \u00abRecu\u00e9rdarme\u00bb, tu acceso perdurar\u00e1 durante dos semanas. Si sales de tu cuenta, las cookies de acceso se eliminar\u00e1n.<\/p>\n<!-- \/wp:paragraph -->\n\n<!-- wp:paragraph -->\n<p>Si editas o publicas un art\u00edculo se guardar\u00e1 una cookie adicional en tu navegador. Esta cookie no incluye datos personales y simplemente indica el ID del art\u00edculo que acabas de editar. Caduca despu\u00e9s de 1 d\u00eda.<\/p>\n<!-- \/wp:paragraph -->\n\n<!-- wp:heading -->\n<h2 id=\"contenido-incrustado-de-otros-sitios-web\">Contenido incrustado de otros sitios web<\/h2>\n<!-- \/wp:heading -->\n\n<!-- wp:paragraph -->\n<p>Los art\u00edculos de este sitio pueden incluir contenido incrustado (por ejemplo, v\u00eddeos, im\u00e1genes, art\u00edculos, etc.). El contenido incrustado de otras webs se comporta exactamente de la misma manera que si el visitante hubiera visitado la otra web.<\/p>\n<!-- \/wp:paragraph -->\n\n<!-- wp:paragraph -->\n<p>Estas web pueden recopilar datos sobre ti, utilizar cookies, incrustar un seguimiento adicional de terceros, y supervisar tu interacci\u00f3n con ese contenido incrustado, incluido el seguimiento de tu interacci\u00f3n con el contenido incrustado si tienes una cuenta y est\u00e1s conectado a esa web.<\/p>\n<!-- \/wp:paragraph -->\n\n<!-- wp:heading -->\n<h2 id=\"con-quien-compartimos-tus-datos\">Con qui\u00e9n compartimos tus datos<\/h2>\n<!-- \/wp:heading -->\n\n<!-- wp:paragraph -->\n<p><strong class=\"privacy-policy-tutorial\"><\/strong>Si solicitas un restablecimiento de contrase\u00f1a, tu direcci\u00f3n IP ser\u00e1 incluida en el correo electr\u00f3nico de restablecimiento.<\/p>\n<!-- \/wp:paragraph -->\n\n<!-- wp:heading -->\n<h2 id=\"cuanto-tiempo-conservamos-tus-datos\">Cu\u00e1nto tiempo conservamos tus datos<\/h2>\n<!-- \/wp:heading -->\n\n<!-- wp:paragraph -->\n<p><strong class=\"privacy-policy-tutorial\"> <\/strong>Si dejas un comentario, el comentario y sus metadatos se conservan indefinidamente. Esto es para que se pueda reconocer y aprobar comentarios sucesivos autom\u00e1ticamente, en lugar de mantenerlos en una cola de moderaci\u00f3n.<\/p>\n<!-- \/wp:paragraph -->\n\n<!-- wp:paragraph -->\n<p>De los usuarios que se registran en nuestra web (si los hay), tambi\u00e9n almacenamos la informaci\u00f3n personal que proporcionan en su perfil de usuario. Todos los usuarios pueden ver, editar o eliminar su informaci\u00f3n personal en cualquier momento (excepto que no pueden cambiar su nombre de usuario). Los administradores de la web tambi\u00e9n pueden ver y editar esa informaci\u00f3n.<\/p>\n<!-- \/wp:paragraph -->\n\n<!-- wp:heading -->\n<h2 id=\"que-derechos-tienes-sobre-tus-datos\">Qu\u00e9 derechos tienes sobre tus datos<\/h2>\n<!-- \/wp:heading -->\n\n<!-- wp:paragraph -->\n<p><strong class=\"privacy-policy-tutorial\"> <\/strong>Si tienes una cuenta o has dejado comentarios en esta web, puedes solicitar que eliminemos cualquier dato personal que tengamos sobre t\u00ed. Esto no incluye ning\u00fan dato que sea obligatorio conservar con fines administrativos, legales o de seguridad.<\/p>\n<!-- \/wp:paragraph -->\n\n<!-- wp:heading -->\n<h2 id=\"donde-enviamos-tus-datos\">D\u00f3nde se env\u00edan tus datos<\/h2>\n<!-- \/wp:heading -->\n\n<!-- wp:paragraph -->\n<p><strong class=\"privacy-policy-tutorial\"><\/strong>Los comentarios de los visitantes puede que los revise un servicio de detecci\u00f3n autom\u00e1tica de spam.<\/p>\n<!-- \/wp:paragraph -->","_et_gb_content_width":"","_sitemap_exclude":false,"_sitemap_priority":"","_sitemap_frequency":"","footnotes":""},"class_list":["post-3","page","type-page","status-publish","hentry"],"yoast_head":"<!-- This site is optimized with the Yoast SEO plugin v26.6 - https:\/\/yoast.com\/wordpress\/plugins\/seo\/ -->\n<title>Pol\u00edtica de privacidad - evaugalde.com<\/title>\n<meta name=\"description\" content=\"La compositora Donostiarra, expone su obra para coros con algunas partituras gratis. Es ponente en conferencias sobre la mujer en la m\u00fasica\" \/>\n<meta name=\"robots\" content=\"index, follow, max-snippet:-1, max-image-preview:large, max-video-preview:-1\" \/>\n<link rel=\"canonical\" href=\"https:\/\/evaugalde.com\/es\/politica-privacidad\/\" \/>\n<meta property=\"og:locale\" content=\"es_ES\" \/>\n<meta property=\"og:type\" content=\"article\" \/>\n<meta property=\"og:title\" content=\"Pol\u00edtica de privacidad - evaugalde.com\" \/>\n<meta property=\"og:description\" content=\"La compositora Donostiarra, expone su obra para coros con algunas partituras gratis. Es ponente en conferencias sobre la mujer en la m\u00fasica\" \/>\n<meta property=\"og:url\" content=\"https:\/\/evaugalde.com\/es\/politica-privacidad\/\" \/>\n<meta property=\"og:site_name\" content=\"evaugalde.com\" \/>\n<meta property=\"article:modified_time\" content=\"2022-09-28T06:17:17+00:00\" \/>\n<meta name=\"twitter:card\" content=\"summary_large_image\" \/>\n<script type=\"application\/ld+json\" class=\"yoast-schema-graph\">{\"@context\":\"https:\/\/schema.org\",\"@graph\":[{\"@type\":\"WebPage\",\"@id\":\"https:\/\/evaugalde.com\/politica-privacidad\/\",\"url\":\"https:\/\/evaugalde.com\/politica-privacidad\/\",\"name\":\"Pol\u00edtica de privacidad - evaugalde.com\",\"isPartOf\":{\"@id\":\"https:\/\/evaugalde.com\/es\/#website\"},\"datePublished\":\"2021-12-06T14:09:23+00:00\",\"dateModified\":\"2022-09-28T06:17:17+00:00\",\"description\":\"La compositora Donostiarra, expone su obra para coros con algunas partituras gratis. Es ponente en conferencias sobre la mujer en la m\u00fasica\",\"breadcrumb\":{\"@id\":\"https:\/\/evaugalde.com\/politica-privacidad\/#breadcrumb\"},\"inLanguage\":\"es\",\"potentialAction\":[{\"@type\":\"ReadAction\",\"target\":[\"https:\/\/evaugalde.com\/politica-privacidad\/\"]}]},{\"@type\":\"BreadcrumbList\",\"@id\":\"https:\/\/evaugalde.com\/politica-privacidad\/#breadcrumb\",\"itemListElement\":[{\"@type\":\"ListItem\",\"position\":1,\"name\":\"inicio\",\"item\":\"https:\/\/evaugalde.com\/\"},{\"@type\":\"ListItem\",\"position\":2,\"name\":\"Pol\u00edtica de privacidad\"}]},{\"@type\":\"WebSite\",\"@id\":\"https:\/\/evaugalde.com\/es\/#website\",\"url\":\"https:\/\/evaugalde.com\/es\/\",\"name\":\"evaugalde.com\",\"description\":\"Eva Ugalde, compositora donostiarra\",\"publisher\":{\"@id\":\"https:\/\/evaugalde.com\/es\/#\/schema\/person\/56c0237c3744fdd6c3b347a6dd9a9809\"},\"potentialAction\":[{\"@type\":\"SearchAction\",\"target\":{\"@type\":\"EntryPoint\",\"urlTemplate\":\"https:\/\/evaugalde.com\/es\/?s={search_term_string}\"},\"query-input\":{\"@type\":\"PropertyValueSpecification\",\"valueRequired\":true,\"valueName\":\"search_term_string\"}}],\"inLanguage\":\"es\"},{\"@type\":[\"Person\",\"Organization\"],\"@id\":\"https:\/\/evaugalde.com\/es\/#\/schema\/person\/56c0237c3744fdd6c3b347a6dd9a9809\",\"name\":\"Eva Ugalde\",\"image\":{\"@type\":\"ImageObject\",\"inLanguage\":\"es\",\"@id\":\"https:\/\/evaugalde.com\/es\/#\/schema\/person\/image\/\",\"url\":\"https:\/\/evaugalde.com\/wp-content\/uploads\/2022\/09\/Eva-Ugalde-byn.jpeg\",\"contentUrl\":\"https:\/\/evaugalde.com\/wp-content\/uploads\/2022\/09\/Eva-Ugalde-byn.jpeg\",\"width\":576,\"height\":1024,\"caption\":\"Eva Ugalde\"},\"logo\":{\"@id\":\"https:\/\/evaugalde.com\/es\/#\/schema\/person\/image\/\"},\"sameAs\":[\"https:\/\/evaugalde.com\"]}]}<\/script>\n<!-- \/ Yoast SEO plugin. -->","yoast_head_json":{"title":"Pol\u00edtica de privacidad - evaugalde.com","description":"La compositora Donostiarra, expone su obra para coros con algunas partituras gratis. Es ponente en conferencias sobre la mujer en la m\u00fasica","robots":{"index":"index","follow":"follow","max-snippet":"max-snippet:-1","max-image-preview":"max-image-preview:large","max-video-preview":"max-video-preview:-1"},"canonical":"https:\/\/evaugalde.com\/es\/politica-privacidad\/","og_locale":"es_ES","og_type":"article","og_title":"Pol\u00edtica de privacidad - evaugalde.com","og_description":"La compositora Donostiarra, expone su obra para coros con algunas partituras gratis. Es ponente en conferencias sobre la mujer en la m\u00fasica","og_url":"https:\/\/evaugalde.com\/es\/politica-privacidad\/","og_site_name":"evaugalde.com","article_modified_time":"2022-09-28T06:17:17+00:00","twitter_card":"summary_large_image","schema":{"@context":"https:\/\/schema.org","@graph":[{"@type":"WebPage","@id":"https:\/\/evaugalde.com\/politica-privacidad\/","url":"https:\/\/evaugalde.com\/politica-privacidad\/","name":"Pol\u00edtica de privacidad - evaugalde.com","isPartOf":{"@id":"https:\/\/evaugalde.com\/es\/#website"},"datePublished":"2021-12-06T14:09:23+00:00","dateModified":"2022-09-28T06:17:17+00:00","description":"La compositora Donostiarra, expone su obra para coros con algunas partituras gratis. Es ponente en conferencias sobre la mujer en la m\u00fasica","breadcrumb":{"@id":"https:\/\/evaugalde.com\/politica-privacidad\/#breadcrumb"},"inLanguage":"es","potentialAction":[{"@type":"ReadAction","target":["https:\/\/evaugalde.com\/politica-privacidad\/"]}]},{"@type":"BreadcrumbList","@id":"https:\/\/evaugalde.com\/politica-privacidad\/#breadcrumb","itemListElement":[{"@type":"ListItem","position":1,"name":"inicio","item":"https:\/\/evaugalde.com\/"},{"@type":"ListItem","position":2,"name":"Pol\u00edtica de privacidad"}]},{"@type":"WebSite","@id":"https:\/\/evaugalde.com\/es\/#website","url":"https:\/\/evaugalde.com\/es\/","name":"evaugalde.com","description":"Eva Ugalde, compositora donostiarra","publisher":{"@id":"https:\/\/evaugalde.com\/es\/#\/schema\/person\/56c0237c3744fdd6c3b347a6dd9a9809"},"potentialAction":[{"@type":"SearchAction","target":{"@type":"EntryPoint","urlTemplate":"https:\/\/evaugalde.com\/es\/?s={search_term_string}"},"query-input":{"@type":"PropertyValueSpecification","valueRequired":true,"valueName":"search_term_string"}}],"inLanguage":"es"},{"@type":["Person","Organization"],"@id":"https:\/\/evaugalde.com\/es\/#\/schema\/person\/56c0237c3744fdd6c3b347a6dd9a9809","name":"Eva Ugalde","image":{"@type":"ImageObject","inLanguage":"es","@id":"https:\/\/evaugalde.com\/es\/#\/schema\/person\/image\/","url":"https:\/\/evaugalde.com\/wp-content\/uploads\/2022\/09\/Eva-Ugalde-byn.jpeg","contentUrl":"https:\/\/evaugalde.com\/wp-content\/uploads\/2022\/09\/Eva-Ugalde-byn.jpeg","width":576,"height":1024,"caption":"Eva Ugalde"},"logo":{"@id":"https:\/\/evaugalde.com\/es\/#\/schema\/person\/image\/"},"sameAs":["https:\/\/evaugalde.com"]}]}},"_links":{"self":[{"href":"https:\/\/evaugalde.com\/es\/wp-json\/wp\/v2\/pages\/3","targetHints":{"allow":["GET"]}}],"collection":[{"href":"https:\/\/evaugalde.com\/es\/wp-json\/wp\/v2\/pages"}],"about":[{"href":"https:\/\/evaugalde.com\/es\/wp-json\/wp\/v2\/types\/page"}],"author":[{"embeddable":true,"href":"https:\/\/evaugalde.com\/es\/wp-json\/wp\/v2\/users\/1"}],"replies":[{"embeddable":true,"href":"https:\/\/evaugalde.com\/es\/wp-json\/wp\/v2\/comments?post=3"}],"version-history":[{"count":6,"href":"https:\/\/evaugalde.com\/es\/wp-json\/wp\/v2\/pages\/3\/revisions"}],"predecessor-version":[{"id":1960,"href":"https:\/\/evaugalde.com\/es\/wp-json\/wp\/v2\/pages\/3\/revisions\/1960"}],"wp:attachment":[{"href":"https:\/\/evaugalde.com\/es\/wp-json\/wp\/v2\/media?parent=3"}],"curies":[{"name":"wp","href":"https:\/\/api.w.org\/{rel}","templated":true}]}}