{"id":1413,"date":"2022-06-29T14:23:03","date_gmt":"2022-06-29T12:23:03","guid":{"rendered":"https:\/\/evaugalde.com\/?page_id=1413"},"modified":"2022-07-22T11:44:04","modified_gmt":"2022-07-22T09:44:04","slug":"tienda","status":"publish","type":"page","link":"https:\/\/evaugalde.com\/es\/tienda\/","title":{"rendered":"Tienda"},"content":{"rendered":"<p>[et_pb_section fb_built=&#8221;1&#8243; admin_label=&#8221;Products&#8221; _builder_version=&#8221;4.16&#8243; global_colors_info=&#8221;{}&#8221;][et_pb_row _builder_version=&#8221;4.16&#8243; _module_preset=&#8221;default&#8221; use_background_color_gradient=&#8221;on&#8221; background_color_gradient_direction=&#8221;175deg&#8221; background_color_gradient_stops=&#8221;#ffffff 73%|#000000 100%&#8221; background_color_gradient_start=&#8221;#ffffff&#8221; background_color_gradient_start_position=&#8221;73%&#8221; background_color_gradient_end=&#8221;#000000&#8243; global_colors_info=&#8221;{}&#8221;][et_pb_column type=&#8221;4_4&#8243; _builder_version=&#8221;4.16&#8243; _module_preset=&#8221;default&#8221; global_colors_info=&#8221;{}&#8221;][et_pb_text _builder_version=&#8221;4.17.4&#8243; text_font=&#8221;Montserrat|500|||||||&#8221; text_text_color=&#8221;rgba(47,56,84,0.5)&#8221; text_font_size=&#8221;16px&#8221; quote_font=&#8221;||||||||&#8221; header_font=&#8221;||||||||&#8221; header_2_font=&#8221;Yeseva One||||||||&#8221; header_2_font_size=&#8221;50px&#8221; header_2_line_height=&#8221;1.4em&#8221; text_orientation=&#8221;center&#8221; max_width=&#8221;700px&#8221; module_alignment=&#8221;center&#8221; custom_margin=&#8221;41px||41px||true|false&#8221; inline_fonts=&#8221;Montserrat&#8221; global_colors_info=&#8221;{}&#8221;]<\/p>\n<h2><span style=\"font-family: Montserrat;\">Partituras<\/span><\/h2>\n<p>Esta es mi tienda de partituras. Si el precio es un problema para t\u00ed, escr\u00edbeme.<\/p>\n<p>[\/et_pb_text][\/et_pb_column][\/et_pb_row][et_pb_row _builder_version=&#8221;4.16&#8243; global_colors_info=&#8221;{}&#8221;][et_pb_column type=&#8221;4_4&#8243; _builder_version=&#8221;4.16&#8243; custom_padding=&#8221;|||&#8221; global_colors_info=&#8221;{}&#8221; custom_padding__hover=&#8221;|||&#8221;][et_pb_wc_breadcrumb _builder_version=&#8221;4.16&#8243; _module_preset=&#8221;default&#8221; body_font=&#8221;Montserrat||||||||&#8221; body_text_color=&#8221;#aaaaaa&#8221; body_font_size=&#8221;16px&#8221; custom_margin=&#8221;10px||10px||true|false&#8221; global_colors_info=&#8221;{}&#8221;][\/et_pb_wc_breadcrumb][et_pb_shop columns_number=&#8221;4&#8243; orderby=&#8221;date-desc&#8221; _builder_version=&#8221;4.17.6&#8243; title_font=&#8221;Montserrat|700|||||||&#8221; title_text_align=&#8221;left&#8221; title_text_color=&#8221;#2f3854&#8243; title_font_size=&#8221;18px&#8221; title_line_height=&#8221;1.4em&#8221; price_font=&#8221;Montserrat|700|||||||&#8221; price_text_color=&#8221;#2f3854&#8243; price_line_height=&#8221;1.7em&#8221; hover_enabled=&#8221;0&#8243; global_colors_info=&#8221;{}&#8221; min_height=&#8221;1410.7px&#8221; show_pagination=&#8221;on&#8221; sticky_enabled=&#8221;0&#8243;][\/et_pb_shop][\/et_pb_column][\/et_pb_row][et_pb_row _builder_version=&#8221;4.16&#8243; global_colors_info=&#8221;{}&#8221;][et_pb_column type=&#8221;4_4&#8243; _builder_version=&#8221;4.16&#8243; custom_padding=&#8221;|||&#8221; global_colors_info=&#8221;{}&#8221; custom_padding__hover=&#8221;|||&#8221;][et_pb_text _builder_version=&#8221;4.17.4&#8243; _module_preset=&#8221;default&#8221; text_font=&#8221;Montserrat||||||||&#8221; text_text_color=&#8221;#000000&#8243; header_font=&#8221;Montserrat||||||||&#8221; text_text_shadow_style=&#8221;preset3&#8243; text_text_shadow_color=&#8221;#FFFFFF&#8221; global_colors_info=&#8221;{}&#8221;]<\/p>\n<h2 style=\"text-align: center;\">Si quieres informaci\u00f3n sobre novedades, \u00a1suscr\u00edbete!<\/h2>\n<p>[\/et_pb_text][et_pb_signup mailchimp_list=&#8221;68e03d1f21&#8243; use_spam_service=&#8221;on&#8221; recaptcha_list=&#8221;Default|Default-0&#8243; _builder_version=&#8221;4.17.4&#8243; _module_preset=&#8221;default&#8221; form_field_background_color=&#8221;#FFFFFF&#8221; form_field_text_color=&#8221;#000000&#8243; form_field_focus_background_color=&#8221;RGBA(255,255,255,0)&#8221; form_field_focus_text_color=&#8221;#000000&#8243; header_font=&#8221;Montserrat||||||||&#8221; body_font=&#8221;Montserrat||||||||&#8221; result_message_font=&#8221;Montserrat||||||||&#8221; result_message_text_align=&#8221;center&#8221; result_message_text_color=&#8221;#000000&#8243; form_field_font=&#8221;Montserrat||||||||&#8221; form_field_text_align=&#8221;left&#8221; background_color=&#8221;RGBA(255,255,255,0)&#8221; custom_button=&#8221;on&#8221; button_text_color=&#8221;#000000&#8243; button_bg_color=&#8221;RGBA(255,255,255,0)&#8221; button_border_width=&#8221;0px&#8221; button_font=&#8221;Montserrat||||||||&#8221; box_shadow_style_fields=&#8221;preset1&#8243; box_shadow_style_button=&#8221;preset1&#8243; global_colors_info=&#8221;{}&#8221;][\/et_pb_signup][et_pb_text _builder_version=&#8221;4.17.4&#8243; _module_preset=&#8221;default&#8221; text_font=&#8221;Montserrat||||||||&#8221; header_font=&#8221;Montserrat||||||||&#8221; global_colors_info=&#8221;{}&#8221;]<\/p>\n<p>This site is protected by reCAPTCHA and the Google \u00a0\u00a0<a href=\"https:\/\/policies.google.com\/privacy\">Privacy Policy<\/a> and \u00a0 <a href=\"https:\/\/policies.google.com\/terms\">Terms of Service<\/a> apply.<\/p>\n<p>[\/et_pb_text][\/et_pb_column][\/et_pb_row][\/et_pb_section][et_pb_section fb_built=&#8221;1&#8243; admin_label=&#8221;Subscribe&#8221; _builder_version=&#8221;4.17.4&#8243; use_background_color_gradient=&#8221;on&#8221; background_color_gradient_stops=&#8221;#ffffff 0%|rgba(255,255,255,0) 30%&#8221; background_color_gradient_overlays_image=&#8221;on&#8221; background_color_gradient_start=&#8221;#ffffff&#8221; background_color_gradient_end=&#8221;rgba(255,255,255,0)&#8221; background_color_gradient_end_position=&#8221;30%&#8221; background_enable_image=&#8221;off&#8221; min_height=&#8221;211px&#8221; height=&#8221;100px&#8221; max_height=&#8221;1000px&#8221; custom_padding=&#8221;100px|0px|0vw|0px||&#8221; animation_style=&#8221;slide&#8221; animation_direction=&#8221;bottom&#8221; animation_duration=&#8221;1250ms&#8221; animation_intensity_slide=&#8221;1%&#8221; saved_tabs=&#8221;all&#8221; locked=&#8221;off&#8221; global_colors_info=&#8221;{}&#8221;][\/et_pb_section]<\/p>\n","protected":false},"excerpt":{"rendered":"<p>Partituras Esta es mi tienda de partituras. Si el precio es un problema para t\u00ed, escr\u00edbeme.Si quieres informaci\u00f3n sobre novedades, \u00a1suscr\u00edbete!This site is protected by reCAPTCHA and the Google \u00a0\u00a0Privacy Policy and \u00a0 Terms of Service apply.<\/p>\n","protected":false},"author":1,"featured_media":0,"parent":0,"menu_order":0,"comment_status":"closed","ping_status":"closed","template":"","meta":{"_et_pb_use_builder":"on","_et_pb_old_content":"","_et_gb_content_width":"","_sitemap_exclude":false,"_sitemap_priority":"","_sitemap_frequency":"","footnotes":""},"class_list":["post-1413","page","type-page","status-publish","hentry"],"yoast_head":"<!-- This site is optimized with the Yoast SEO plugin v26.6 - https:\/\/yoast.com\/wordpress\/plugins\/seo\/ -->\n<title>Tienda - evaugalde.com<\/title>\n<meta name=\"robots\" content=\"index, follow, max-snippet:-1, max-image-preview:large, max-video-preview:-1\" \/>\n<link rel=\"canonical\" href=\"https:\/\/evaugalde.com\/es\/tienda\/\" \/>\n<meta property=\"og:locale\" content=\"es_ES\" \/>\n<meta property=\"og:type\" content=\"article\" \/>\n<meta property=\"og:title\" content=\"Tienda - evaugalde.com\" \/>\n<meta property=\"og:description\" content=\"Partituras Esta es mi tienda de partituras. Si el precio es un problema para t\u00ed, escr\u00edbeme.Si quieres informaci\u00f3n sobre novedades, \u00a1suscr\u00edbete!This site is protected by reCAPTCHA and the Google \u00a0\u00a0Privacy Policy and \u00a0 Terms of Service apply.\" \/>\n<meta property=\"og:url\" content=\"https:\/\/evaugalde.com\/es\/tienda\/\" \/>\n<meta property=\"og:site_name\" content=\"evaugalde.com\" \/>\n<meta property=\"article:modified_time\" content=\"2022-07-22T09:44:04+00:00\" \/>\n<meta name=\"twitter:card\" content=\"summary_large_image\" \/>\n<script type=\"application\/ld+json\" class=\"yoast-schema-graph\">{\"@context\":\"https:\/\/schema.org\",\"@graph\":[{\"@type\":\"WebPage\",\"@id\":\"https:\/\/evaugalde.com\/en\/tienda\/\",\"url\":\"https:\/\/evaugalde.com\/en\/tienda\/\",\"name\":\"Tienda - evaugalde.com\",\"isPartOf\":{\"@id\":\"https:\/\/evaugalde.com\/es\/#website\"},\"datePublished\":\"2022-06-29T12:23:03+00:00\",\"dateModified\":\"2022-07-22T09:44:04+00:00\",\"breadcrumb\":{\"@id\":\"https:\/\/evaugalde.com\/en\/tienda\/#breadcrumb\"},\"inLanguage\":\"es\",\"potentialAction\":[{\"@type\":\"ReadAction\",\"target\":[\"https:\/\/evaugalde.com\/en\/tienda\/\"]}]},{\"@type\":\"BreadcrumbList\",\"@id\":\"https:\/\/evaugalde.com\/en\/tienda\/#breadcrumb\",\"itemListElement\":[{\"@type\":\"ListItem\",\"position\":1,\"name\":\"inicio\",\"item\":\"https:\/\/evaugalde.com\/\"},{\"@type\":\"ListItem\",\"position\":2,\"name\":\"Tienda\"}]},{\"@type\":\"WebSite\",\"@id\":\"https:\/\/evaugalde.com\/es\/#website\",\"url\":\"https:\/\/evaugalde.com\/es\/\",\"name\":\"evaugalde.com\",\"description\":\"Eva Ugalde, compositora donostiarra\",\"publisher\":{\"@id\":\"https:\/\/evaugalde.com\/es\/#\/schema\/person\/56c0237c3744fdd6c3b347a6dd9a9809\"},\"potentialAction\":[{\"@type\":\"SearchAction\",\"target\":{\"@type\":\"EntryPoint\",\"urlTemplate\":\"https:\/\/evaugalde.com\/es\/?s={search_term_string}\"},\"query-input\":{\"@type\":\"PropertyValueSpecification\",\"valueRequired\":true,\"valueName\":\"search_term_string\"}}],\"inLanguage\":\"es\"},{\"@type\":[\"Person\",\"Organization\"],\"@id\":\"https:\/\/evaugalde.com\/es\/#\/schema\/person\/56c0237c3744fdd6c3b347a6dd9a9809\",\"name\":\"Eva Ugalde\",\"image\":{\"@type\":\"ImageObject\",\"inLanguage\":\"es\",\"@id\":\"https:\/\/evaugalde.com\/es\/#\/schema\/person\/image\/\",\"url\":\"https:\/\/evaugalde.com\/wp-content\/uploads\/2022\/09\/Eva-Ugalde-byn.jpeg\",\"contentUrl\":\"https:\/\/evaugalde.com\/wp-content\/uploads\/2022\/09\/Eva-Ugalde-byn.jpeg\",\"width\":576,\"height\":1024,\"caption\":\"Eva Ugalde\"},\"logo\":{\"@id\":\"https:\/\/evaugalde.com\/es\/#\/schema\/person\/image\/\"},\"sameAs\":[\"https:\/\/evaugalde.com\"]}]}<\/script>\n<!-- \/ Yoast SEO plugin. -->","yoast_head_json":{"title":"Tienda - evaugalde.com","robots":{"index":"index","follow":"follow","max-snippet":"max-snippet:-1","max-image-preview":"max-image-preview:large","max-video-preview":"max-video-preview:-1"},"canonical":"https:\/\/evaugalde.com\/es\/tienda\/","og_locale":"es_ES","og_type":"article","og_title":"Tienda - evaugalde.com","og_description":"Partituras Esta es mi tienda de partituras. Si el precio es un problema para t\u00ed, escr\u00edbeme.Si quieres informaci\u00f3n sobre novedades, \u00a1suscr\u00edbete!This site is protected by reCAPTCHA and the Google \u00a0\u00a0Privacy Policy and \u00a0 Terms of Service apply.","og_url":"https:\/\/evaugalde.com\/es\/tienda\/","og_site_name":"evaugalde.com","article_modified_time":"2022-07-22T09:44:04+00:00","twitter_card":"summary_large_image","schema":{"@context":"https:\/\/schema.org","@graph":[{"@type":"WebPage","@id":"https:\/\/evaugalde.com\/en\/tienda\/","url":"https:\/\/evaugalde.com\/en\/tienda\/","name":"Tienda - evaugalde.com","isPartOf":{"@id":"https:\/\/evaugalde.com\/es\/#website"},"datePublished":"2022-06-29T12:23:03+00:00","dateModified":"2022-07-22T09:44:04+00:00","breadcrumb":{"@id":"https:\/\/evaugalde.com\/en\/tienda\/#breadcrumb"},"inLanguage":"es","potentialAction":[{"@type":"ReadAction","target":["https:\/\/evaugalde.com\/en\/tienda\/"]}]},{"@type":"BreadcrumbList","@id":"https:\/\/evaugalde.com\/en\/tienda\/#breadcrumb","itemListElement":[{"@type":"ListItem","position":1,"name":"inicio","item":"https:\/\/evaugalde.com\/"},{"@type":"ListItem","position":2,"name":"Tienda"}]},{"@type":"WebSite","@id":"https:\/\/evaugalde.com\/es\/#website","url":"https:\/\/evaugalde.com\/es\/","name":"evaugalde.com","description":"Eva Ugalde, compositora donostiarra","publisher":{"@id":"https:\/\/evaugalde.com\/es\/#\/schema\/person\/56c0237c3744fdd6c3b347a6dd9a9809"},"potentialAction":[{"@type":"SearchAction","target":{"@type":"EntryPoint","urlTemplate":"https:\/\/evaugalde.com\/es\/?s={search_term_string}"},"query-input":{"@type":"PropertyValueSpecification","valueRequired":true,"valueName":"search_term_string"}}],"inLanguage":"es"},{"@type":["Person","Organization"],"@id":"https:\/\/evaugalde.com\/es\/#\/schema\/person\/56c0237c3744fdd6c3b347a6dd9a9809","name":"Eva Ugalde","image":{"@type":"ImageObject","inLanguage":"es","@id":"https:\/\/evaugalde.com\/es\/#\/schema\/person\/image\/","url":"https:\/\/evaugalde.com\/wp-content\/uploads\/2022\/09\/Eva-Ugalde-byn.jpeg","contentUrl":"https:\/\/evaugalde.com\/wp-content\/uploads\/2022\/09\/Eva-Ugalde-byn.jpeg","width":576,"height":1024,"caption":"Eva Ugalde"},"logo":{"@id":"https:\/\/evaugalde.com\/es\/#\/schema\/person\/image\/"},"sameAs":["https:\/\/evaugalde.com"]}]}},"_links":{"self":[{"href":"https:\/\/evaugalde.com\/es\/wp-json\/wp\/v2\/pages\/1413","targetHints":{"allow":["GET"]}}],"collection":[{"href":"https:\/\/evaugalde.com\/es\/wp-json\/wp\/v2\/pages"}],"about":[{"href":"https:\/\/evaugalde.com\/es\/wp-json\/wp\/v2\/types\/page"}],"author":[{"embeddable":true,"href":"https:\/\/evaugalde.com\/es\/wp-json\/wp\/v2\/users\/1"}],"replies":[{"embeddable":true,"href":"https:\/\/evaugalde.com\/es\/wp-json\/wp\/v2\/comments?post=1413"}],"version-history":[{"count":12,"href":"https:\/\/evaugalde.com\/es\/wp-json\/wp\/v2\/pages\/1413\/revisions"}],"predecessor-version":[{"id":1954,"href":"https:\/\/evaugalde.com\/es\/wp-json\/wp\/v2\/pages\/1413\/revisions\/1954"}],"wp:attachment":[{"href":"https:\/\/evaugalde.com\/es\/wp-json\/wp\/v2\/media?parent=1413"}],"curies":[{"name":"wp","href":"https:\/\/api.w.org\/{rel}","templated":true}]}}