{"id":371,"date":"2021-12-06T18:33:42","date_gmt":"2021-12-06T17:33:42","guid":{"rendered":"https:\/\/evaugalde.com\/?page_id=371"},"modified":"2025-09-18T09:15:15","modified_gmt":"2025-09-18T07:15:15","slug":"prensa","status":"publish","type":"page","link":"https:\/\/evaugalde.com\/en\/prensa\/","title":{"rendered":"Press"},"content":{"rendered":"<p>[et_pb_section fb_built=\u00bb1&#8243; _builder_version=\u00bb4.16&#8243; _module_preset=\u00bbdefault\u00bb global_colors_info=\u00bb{}\u00bb][et_pb_row _builder_version=\u00bb4.16&#8243; _module_preset=\u00bbdefault\u00bb global_colors_info=\u00bb{}\u00bb][et_pb_column type=\u00bb4_4&#8243; _builder_version=\u00bb4.16&#8243; _module_preset=\u00bbdefault\u00bb global_colors_info=\u00bb{}\u00bb][et_pb_text _builder_version=\u00bb4.17.4&#8243; _module_preset=\u00bbdefault\u00bb custom_padding=\u00bb||0px|||\u00bb global_colors_info=\u00bb{}\u00bb]<\/p>\n<p>&nbsp;<\/p>\n<p>&nbsp;<\/p>\n<p><span><strong>Eva Ugalde<\/strong><\/span>, nacida en Donostia San Sebasti\u00e1n en 1973, compositora y directora coral vasca, mantiene una \u00edntima relaci\u00f3n con el mundo de la m\u00fasica coral contempor\u00e1nea. Inici\u00f3 su trayectoria alentada por <span><strong>Javier Busto<\/strong><\/span>, uno de los pioneros de la nueva oleada de compositores corales de finales del siglo XX.<\/p>\n<p>Su estilo personal, <span><strong>org\u00e1nico para la voz cantada y a la vez inteligible en su complejidad<\/strong><\/span>, ha convertido sus partituras en un referente internacional de la <span><strong>m\u00fasica coral femenina y mixta<\/strong><\/span>. Sus obras se interpretan en todo el mundo y han sido seleccionadas como piezas obligadas en cert\u00e1menes de prestigio como el <span><strong>Certamen Internacional de Tolosa<\/strong><\/span>.<\/p>\n<p>Galardonada con diversos <span><strong>premios de composici\u00f3n coral<\/strong><\/span>, su m\u00fasica tiene gran acogida en pa\u00edses a la vanguardia del canto coral, como <span><strong>Estados Unidos, Canad\u00e1, Jap\u00f3n o Suecia<\/strong><\/span>.<\/p>\n<p><span>Participa habitualmente como jurado en <\/span><strong>concursos corales nacionales e internacionales<\/strong><span>. E<\/span>s invitada habitual para formar parte de jurados en cert\u00e1menes como San Vicente de la Barquera, La Antigua (ya desaparecido) o en el Gran Premio Nacional de Canto Coral (Ejea de los Caballeros, Gij\u00f3n y Valladolid). Igualmente, ha intervenido como jurado en concursos internacionales como <strong>European Award for Choral Composers, Concorso Internazionale di Composizione \u201cGuido d\u2019Arezzo\u201d<\/strong> (Firenze), <strong>Festivale Internazionale \u201cLeonardo da Vinci\u201d<\/strong>, <strong>Choir Festival \u201cJohannes Brahms\u201d<\/strong> (Wernigerode), <strong>Festival Internacional de Coros Femeninos en Latinoam\u00e9rica<\/strong> (Puerto Madryn) o la <strong>Bienal de Composici\u00f3n de ACORDELUR<\/strong> (Uruguay)<\/p>\n<p>Ha impartido <span><strong>cursos de composici\u00f3n coral y direcci\u00f3n<\/strong><\/span> en Europa y Latinoam\u00e9rica: <strong>Pyrenaeum M\u00fasica<\/strong> (Espa\u00f1a), <strong>Movincanto<\/strong> (Italia), <strong>Diplomado en Direcci\u00f3n Coral<\/strong> (Colombia), <strong>FENIARCO<\/strong> (Italia), <strong>FICFE<\/strong> (Argentina). Como ponente, destacan conferencias como <strong><em>\u201cLa composici\u00f3n desde una \u00f3ptica femenina\u201d<\/em><\/strong> (Universidad de Valencia) y <strong><em>\u201cCompositorAs, la historia invisible\u201d<\/em><\/strong> (Festival Internacional de Coros Femeninos de Latinoam\u00e9rica).<\/p>\n<p>Ha sido invitada a dirigir en Hungr\u00eda al <span><strong>Coro Femenino Cantemus del Instituto Kod\u00e1ly<\/strong><\/span>, una de las instituciones m\u00e1s reconocidas del mundo coral.<\/p>\n<p>Su m\u00fasica ha sido grabada por numerosos coros profesionales y se encuentra en <span><strong>YouTube, Spotify y Apple Music<\/strong><\/span>. En 2018 particip\u00f3 en la grabaci\u00f3n de un monogr\u00e1fico con el coro <span><strong>ALAIA de Madrid<\/strong><\/span>, y en 2022 su obra <strong><em>Heartland<\/em><\/strong>, incluida en el CD <strong><em>Among Whirlwinds<\/em><\/strong> de <span><strong>Singer Pur<\/strong><\/span>, obtuvo el <span><strong>Premio Opus Klassik<\/strong><\/span> a la mejor grabaci\u00f3n coral.<\/p>\n<p><span>Actualmente es <\/span><strong>directora adjunta y profesora de lenguaje musical en el Conservatorio Francisco Escudero de Donostia-San Sebasti\u00e1n<\/strong><span>, consejera en la <\/span><strong>Orquesta de Euskadi<\/strong><span>, miembro de la <\/span><strong>Federaci\u00f3n de Coros de Gipuzkoa<\/strong><span> y presidenta de la <\/span><strong>Confederaci\u00f3n de Coros del Pa\u00eds Vasco<\/strong><span>.<\/span><\/p>\n<p><span>Entre sus estrenos m\u00e1s destacados figura la <\/span><strong>Suite ADN para coro femenino y \u00f3rgano<\/strong><span>, presentada en el <\/span><strong>Auditorio Nacional de M\u00fasica de Madrid<\/strong><span>, as\u00ed como talleres con la <\/span><strong>Associaci\u00f3 d\u2019Ensenyants de M\u00fasica de Catalunya<\/strong><span> y su participaci\u00f3n como directora invitada en la Asamblea Anual de la <\/span><strong>Red Nacional de Directores y Coros de M\u00e9xico<\/strong><span>.<\/span><\/p>\n<p>&nbsp;<\/p>\n<p>&nbsp;<\/p>\n<p>&nbsp;<\/p>\n<p>[\/et_pb_text][et_pb_button button_url=\u00bbhttps:\/\/www.google.com\/search?q=eva+ugalde&#038;client=firefox-b-e&#038;sxsrf=ALiCzsb6aR0SUWWeCj7KhKIyXwEcOBn6CA:1655975405689&#038;source=lnms&#038;tbm=nws&#038;sa=X&#038;ved=2ahUKEwiG-r-OncP4AhXIhc4BHawaBaAQ_AUoAnoECAIQBA&#038;biw=1405&#038;bih=898&#038;dpr=1&#8243; url_new_window=\u00bbon\u00bb button_text=\u00bbGoogle news Eva\u00bb _builder_version=\u00bb4.17.4&#8243; _module_preset=\u00bbdefault\u00bb custom_button=\u00bbon\u00bb button_bg_color=\u00bbRGBA(255,255,255,0)\u00bb button_border_width=\u00bb0px\u00bb button_font=\u00bbMontserrat||||||||\u00bb global_colors_info=\u00bb{}\u00bb][\/et_pb_button][\/et_pb_column][\/et_pb_row][et_pb_row column_structure=\u00bb1_4,1_4,1_4,1_4&#8243; _builder_version=\u00bb4.16&#8243; _module_preset=\u00bbdefault\u00bb global_colors_info=\u00bb{}\u00bb][et_pb_column type=\u00bb1_4&#8243; _builder_version=\u00bb4.16&#8243; _module_preset=\u00bbdefault\u00bb global_colors_info=\u00bb{}\u00bb][et_pb_image src=\u00bbhttps:\/\/evaugalde.com\/wp-content\/uploads\/2021\/12\/apoyada-en-el-piano-primer-plano-bn-scaled-3.jpg\u00bb title_text=\u00bbapoyada-en-el-piano-primer-plano-bn-scaled\u00bb show_in_lightbox=\u00bbon\u00bb _builder_version=\u00bb4.16&#8243; _module_preset=\u00bbdefault\u00bb global_colors_info=\u00bb{}\u00bb][\/et_pb_image][\/et_pb_column][et_pb_column type=\u00bb1_4&#8243; _builder_version=\u00bb4.16&#8243; _module_preset=\u00bbdefault\u00bb global_colors_info=\u00bb{}\u00bb][et_pb_image src=\u00bbhttps:\/\/evaugalde.com\/wp-content\/uploads\/2022\/02\/arriba-sentada-mirando-a-camara-scaled-1.jpg\u00bb title_text=\u00bbarriba-sentada-mirando-a-c\u00e1mara-scaled\u00bb show_in_lightbox=\u00bbon\u00bb _builder_version=\u00bb4.16&#8243; _module_preset=\u00bbdefault\u00bb global_colors_info=\u00bb{}\u00bb][\/et_pb_image][\/et_pb_column][et_pb_column type=\u00bb1_4&#8243; _builder_version=\u00bb4.16&#8243; _module_preset=\u00bbdefault\u00bb global_colors_info=\u00bb{}\u00bb][et_pb_image src=\u00bbhttps:\/\/evaugalde.com\/wp-content\/uploads\/2021\/12\/apoyada-en-el-piano-sonriente-scaled-2.jpg\u00bb title_text=\u00bbapoyada-en-el-piano-sonriente-scaled\u00bb show_in_lightbox=\u00bbon\u00bb _builder_version=\u00bb4.16&#8243; _module_preset=\u00bbdefault\u00bb global_colors_info=\u00bb{}\u00bb][\/et_pb_image][\/et_pb_column][et_pb_column type=\u00bb1_4&#8243; _builder_version=\u00bb4.16&#8243; _module_preset=\u00bbdefault\u00bb global_colors_info=\u00bb{}\u00bb][et_pb_image src=\u00bbhttps:\/\/evaugalde.com\/wp-content\/uploads\/2022\/01\/Flych-arriba-scaled-1.jpg\u00bb title_text=\u00bbFlych-arriba&#8211;scaled\u00bb show_in_lightbox=\u00bbon\u00bb _builder_version=\u00bb4.16&#8243; _module_preset=\u00bbdefault\u00bb global_colors_info=\u00bb{}\u00bb][\/et_pb_image][\/et_pb_column][\/et_pb_row][\/et_pb_section][et_pb_section fb_built=\u00bb1&#8243; _builder_version=\u00bb4.16&#8243; _module_preset=\u00bbdefault\u00bb global_colors_info=\u00bb{}\u00bb][\/et_pb_section]<\/p>","protected":false},"excerpt":{"rendered":"<p>&nbsp; &nbsp; Eva Ugalde, nacida en Donostia San Sebasti\u00e1n en 1973, compositora y directora coral vasca, mantiene una \u00edntima relaci\u00f3n con el mundo de la m\u00fasica coral contempor\u00e1nea. Inici\u00f3 su trayectoria alentada por Javier Busto, uno de los pioneros de la nueva oleada de compositores corales de finales del siglo XX. Su estilo personal, org\u00e1nico [&hellip;]<\/p>","protected":false},"author":1,"featured_media":0,"parent":0,"menu_order":0,"comment_status":"closed","ping_status":"closed","template":"","meta":{"_et_pb_use_builder":"on","_et_pb_old_content":"","_et_gb_content_width":"","_sitemap_exclude":false,"_sitemap_priority":"","_sitemap_frequency":"","footnotes":""},"class_list":["post-371","page","type-page","status-publish","hentry"],"yoast_head":"<!-- This site is optimized with the Yoast SEO plugin v26.6 - https:\/\/yoast.com\/wordpress\/plugins\/seo\/ -->\n<title>Prensa - evaugalde.com<\/title>\n<meta name=\"robots\" content=\"index, follow, max-snippet:-1, max-image-preview:large, max-video-preview:-1\" \/>\n<link rel=\"canonical\" href=\"https:\/\/evaugalde.com\/en\/prensa\/\" \/>\n<meta property=\"og:locale\" content=\"en_GB\" \/>\n<meta property=\"og:type\" content=\"article\" \/>\n<meta property=\"og:title\" content=\"Prensa - evaugalde.com\" \/>\n<meta property=\"og:description\" content=\"&nbsp; &nbsp; Eva Ugalde, nacida en Donostia San Sebasti\u00e1n en 1973, compositora y directora coral vasca, mantiene una \u00edntima relaci\u00f3n con el mundo de la m\u00fasica coral contempor\u00e1nea. Inici\u00f3 su trayectoria alentada por Javier Busto, uno de los pioneros de la nueva oleada de compositores corales de finales del siglo XX. Su estilo personal, org\u00e1nico [&hellip;]\" \/>\n<meta property=\"og:url\" content=\"https:\/\/evaugalde.com\/en\/prensa\/\" \/>\n<meta property=\"og:site_name\" content=\"evaugalde.com\" \/>\n<meta property=\"article:modified_time\" content=\"2025-09-18T07:15:15+00:00\" \/>\n<meta name=\"twitter:card\" content=\"summary_large_image\" \/>\n<script type=\"application\/ld+json\" class=\"yoast-schema-graph\">{\"@context\":\"https:\/\/schema.org\",\"@graph\":[{\"@type\":\"WebPage\",\"@id\":\"https:\/\/evaugalde.com\/es\/prensa\/\",\"url\":\"https:\/\/evaugalde.com\/es\/prensa\/\",\"name\":\"Prensa - evaugalde.com\",\"isPartOf\":{\"@id\":\"https:\/\/evaugalde.com\/es\/#website\"},\"datePublished\":\"2021-12-06T17:33:42+00:00\",\"dateModified\":\"2025-09-18T07:15:15+00:00\",\"breadcrumb\":{\"@id\":\"https:\/\/evaugalde.com\/es\/prensa\/#breadcrumb\"},\"inLanguage\":\"en-GB\",\"potentialAction\":[{\"@type\":\"ReadAction\",\"target\":[\"https:\/\/evaugalde.com\/es\/prensa\/\"]}]},{\"@type\":\"BreadcrumbList\",\"@id\":\"https:\/\/evaugalde.com\/es\/prensa\/#breadcrumb\",\"itemListElement\":[{\"@type\":\"ListItem\",\"position\":1,\"name\":\"inicio\",\"item\":\"https:\/\/evaugalde.com\/\"},{\"@type\":\"ListItem\",\"position\":2,\"name\":\"Prensa\"}]},{\"@type\":\"WebSite\",\"@id\":\"https:\/\/evaugalde.com\/es\/#website\",\"url\":\"https:\/\/evaugalde.com\/es\/\",\"name\":\"evaugalde.com\",\"description\":\"Eva Ugalde, compositora donostiarra\",\"publisher\":{\"@id\":\"https:\/\/evaugalde.com\/es\/#\/schema\/person\/56c0237c3744fdd6c3b347a6dd9a9809\"},\"potentialAction\":[{\"@type\":\"SearchAction\",\"target\":{\"@type\":\"EntryPoint\",\"urlTemplate\":\"https:\/\/evaugalde.com\/es\/?s={search_term_string}\"},\"query-input\":{\"@type\":\"PropertyValueSpecification\",\"valueRequired\":true,\"valueName\":\"search_term_string\"}}],\"inLanguage\":\"en-GB\"},{\"@type\":[\"Person\",\"Organization\"],\"@id\":\"https:\/\/evaugalde.com\/es\/#\/schema\/person\/56c0237c3744fdd6c3b347a6dd9a9809\",\"name\":\"Eva Ugalde\",\"image\":{\"@type\":\"ImageObject\",\"inLanguage\":\"en-GB\",\"@id\":\"https:\/\/evaugalde.com\/es\/#\/schema\/person\/image\/\",\"url\":\"https:\/\/evaugalde.com\/wp-content\/uploads\/2022\/09\/Eva-Ugalde-byn.jpeg\",\"contentUrl\":\"https:\/\/evaugalde.com\/wp-content\/uploads\/2022\/09\/Eva-Ugalde-byn.jpeg\",\"width\":576,\"height\":1024,\"caption\":\"Eva Ugalde\"},\"logo\":{\"@id\":\"https:\/\/evaugalde.com\/es\/#\/schema\/person\/image\/\"},\"sameAs\":[\"https:\/\/evaugalde.com\"]}]}<\/script>\n<!-- \/ Yoast SEO plugin. -->","yoast_head_json":{"title":"Prensa - evaugalde.com","robots":{"index":"index","follow":"follow","max-snippet":"max-snippet:-1","max-image-preview":"max-image-preview:large","max-video-preview":"max-video-preview:-1"},"canonical":"https:\/\/evaugalde.com\/en\/prensa\/","og_locale":"en_GB","og_type":"article","og_title":"Prensa - evaugalde.com","og_description":"&nbsp; &nbsp; Eva Ugalde, nacida en Donostia San Sebasti\u00e1n en 1973, compositora y directora coral vasca, mantiene una \u00edntima relaci\u00f3n con el mundo de la m\u00fasica coral contempor\u00e1nea. Inici\u00f3 su trayectoria alentada por Javier Busto, uno de los pioneros de la nueva oleada de compositores corales de finales del siglo XX. Su estilo personal, org\u00e1nico [&hellip;]","og_url":"https:\/\/evaugalde.com\/en\/prensa\/","og_site_name":"evaugalde.com","article_modified_time":"2025-09-18T07:15:15+00:00","twitter_card":"summary_large_image","schema":{"@context":"https:\/\/schema.org","@graph":[{"@type":"WebPage","@id":"https:\/\/evaugalde.com\/es\/prensa\/","url":"https:\/\/evaugalde.com\/es\/prensa\/","name":"Prensa - evaugalde.com","isPartOf":{"@id":"https:\/\/evaugalde.com\/es\/#website"},"datePublished":"2021-12-06T17:33:42+00:00","dateModified":"2025-09-18T07:15:15+00:00","breadcrumb":{"@id":"https:\/\/evaugalde.com\/es\/prensa\/#breadcrumb"},"inLanguage":"en-GB","potentialAction":[{"@type":"ReadAction","target":["https:\/\/evaugalde.com\/es\/prensa\/"]}]},{"@type":"BreadcrumbList","@id":"https:\/\/evaugalde.com\/es\/prensa\/#breadcrumb","itemListElement":[{"@type":"ListItem","position":1,"name":"inicio","item":"https:\/\/evaugalde.com\/"},{"@type":"ListItem","position":2,"name":"Prensa"}]},{"@type":"WebSite","@id":"https:\/\/evaugalde.com\/es\/#website","url":"https:\/\/evaugalde.com\/es\/","name":"evaugalde.com","description":"Eva Ugalde, compositora donostiarra","publisher":{"@id":"https:\/\/evaugalde.com\/es\/#\/schema\/person\/56c0237c3744fdd6c3b347a6dd9a9809"},"potentialAction":[{"@type":"SearchAction","target":{"@type":"EntryPoint","urlTemplate":"https:\/\/evaugalde.com\/es\/?s={search_term_string}"},"query-input":{"@type":"PropertyValueSpecification","valueRequired":true,"valueName":"search_term_string"}}],"inLanguage":"en-GB"},{"@type":["Person","Organization"],"@id":"https:\/\/evaugalde.com\/es\/#\/schema\/person\/56c0237c3744fdd6c3b347a6dd9a9809","name":"Eva Ugalde","image":{"@type":"ImageObject","inLanguage":"en-GB","@id":"https:\/\/evaugalde.com\/es\/#\/schema\/person\/image\/","url":"https:\/\/evaugalde.com\/wp-content\/uploads\/2022\/09\/Eva-Ugalde-byn.jpeg","contentUrl":"https:\/\/evaugalde.com\/wp-content\/uploads\/2022\/09\/Eva-Ugalde-byn.jpeg","width":576,"height":1024,"caption":"Eva Ugalde"},"logo":{"@id":"https:\/\/evaugalde.com\/es\/#\/schema\/person\/image\/"},"sameAs":["https:\/\/evaugalde.com"]}]}},"_links":{"self":[{"href":"https:\/\/evaugalde.com\/en\/wp-json\/wp\/v2\/pages\/371","targetHints":{"allow":["GET"]}}],"collection":[{"href":"https:\/\/evaugalde.com\/en\/wp-json\/wp\/v2\/pages"}],"about":[{"href":"https:\/\/evaugalde.com\/en\/wp-json\/wp\/v2\/types\/page"}],"author":[{"embeddable":true,"href":"https:\/\/evaugalde.com\/en\/wp-json\/wp\/v2\/users\/1"}],"replies":[{"embeddable":true,"href":"https:\/\/evaugalde.com\/en\/wp-json\/wp\/v2\/comments?post=371"}],"version-history":[{"count":19,"href":"https:\/\/evaugalde.com\/en\/wp-json\/wp\/v2\/pages\/371\/revisions"}],"predecessor-version":[{"id":2320,"href":"https:\/\/evaugalde.com\/en\/wp-json\/wp\/v2\/pages\/371\/revisions\/2320"}],"wp:attachment":[{"href":"https:\/\/evaugalde.com\/en\/wp-json\/wp\/v2\/media?parent=371"}],"curies":[{"name":"wp","href":"https:\/\/api.w.org\/{rel}","templated":true}]}}