{"id":1413,"date":"2022-06-29T14:23:03","date_gmt":"2022-06-29T12:23:03","guid":{"rendered":"https:\/\/evaugalde.com\/?page_id=1413"},"modified":"2022-07-22T11:44:04","modified_gmt":"2022-07-22T09:44:04","slug":"tienda","status":"publish","type":"page","link":"https:\/\/evaugalde.com\/en\/tienda\/","title":{"rendered":"Shop"},"content":{"rendered":"<p>[et_pb_section fb_built=\u00bb1&#8243; admin_label=\u00bbProducts\u00bb _builder_version=\u00bb4.16&#8243; global_colors_info=\u00bb{}\u00bb][et_pb_row _builder_version=\u00bb4.16&#8243; _module_preset=\u00bbdefault\u00bb use_background_color_gradient=\u00bbon\u00bb background_color_gradient_direction=\u00bb175deg\u00bb background_color_gradient_stops=\u00bb#ffffff 73%|#000000 100%\u00bb background_color_gradient_start=\u00bb#ffffff\u00bb background_color_gradient_start_position=\u00bb73%\u00bb background_color_gradient_end=\u00bb#000000&#8243; global_colors_info=\u00bb{}\u00bb][et_pb_column type=\u00bb4_4&#8243; _builder_version=\u00bb4.16&#8243; _module_preset=\u00bbdefault\u00bb global_colors_info=\u00bb{}\u00bb][et_pb_text _builder_version=\u00bb4.17.4&#8243; text_font=\u00bbMontserrat|500|||||||\u00bb text_text_color=\u00bbrgba(47,56,84,0.5)\u00bb text_font_size=\u00bb16px\u00bb quote_font=\u00bb||||||||\u00bb header_font=\u00bb||||||||\u00bb header_2_font=\u00bbYeseva One||||||||\u00bb header_2_font_size=\u00bb50px\u00bb header_2_line_height=\u00bb1.4em\u00bb text_orientation=\u00bbcenter\u00bb max_width=\u00bb700px\u00bb module_alignment=\u00bbcenter\u00bb custom_margin=\u00bb41px||41px||true|false\u00bb inline_fonts=\u00bbMontserrat\u00bb global_colors_info=\u00bb{}\u00bb]<\/p>\n<h2><span style=\"font-family: Montserrat;\">Scores<\/span><\/h2>\n<p>This is my sheet music store. If the price is a problem for you, write me.<\/p>\n<p>[\/et_pb_text][\/et_pb_column][\/et_pb_row][et_pb_row _builder_version=\u00bb4.16&#8243; global_colors_info=\u00bb{}\u00bb][et_pb_column type=\u00bb4_4&#8243; _builder_version=\u00bb4.16&#8243; custom_padding=\u00bb|||\u00bb global_colors_info=\u00bb{}\u00bb custom_padding__hover=\u00bb|||\u00bb][et_pb_wc_breadcrumb _builder_version=\u00bb4.16&#8243; _module_preset=\u00bbdefault\u00bb body_font=\u00bbMontserrat||||||||\u00bb body_text_color=\u00bb#aaaaaa\u00bb body_font_size=\u00bb16px\u00bb custom_margin=\u00bb10px||10px||true|false\u00bb global_colors_info=\u00bb{}\u00bb][\/et_pb_wc_breadcrumb][et_pb_shop columns_number=\u00bb4&#8243; orderby=\u00bbdate-desc\u00bb _builder_version=\u00bb4.17.6&#8243; title_font=\u00bbMontserrat|700|||||||\u00bb title_text_align=\u00bbleft\u00bb title_text_color=\u00bb#2f3854&#8243; title_font_size=\u00bb18px\u00bb title_line_height=\u00bb1.4em\u00bb price_font=\u00bbMontserrat|700|||||||\u00bb price_text_color=\u00bb#2f3854&#8243; price_line_height=\u00bb1.7em\u00bb hover_enabled=\u00bb0&#8243; global_colors_info=\u00bb{}\u00bb min_height=\u00bb1410.7px\u00bb show_pagination=\u00bbon\u00bb sticky_enabled=\u00bb0&#8243;][\/et_pb_shop][\/et_pb_column][\/et_pb_row][et_pb_row _builder_version=\u00bb4.16&#8243; global_colors_info=\u00bb{}\u00bb][et_pb_column type=\u00bb4_4&#8243; _builder_version=\u00bb4.16&#8243; custom_padding=\u00bb|||\u00bb global_colors_info=\u00bb{}\u00bb custom_padding__hover=\u00bb|||\u00bb][et_pb_text _builder_version=\u00bb4.17.4&#8243; _module_preset=\u00bbdefault\u00bb text_font=\u00bbMontserrat||||||||\u00bb text_text_color=\u00bb#000000&#8243; header_font=\u00bbMontserrat||||||||\u00bb text_text_shadow_style=\u00bbpreset3&#8243; text_text_shadow_color=\u00bb#FFFFFF\u00bb global_colors_info=\u00bb{}\u00bb]<\/p>\n<h2 style=\"text-align: center;\">If you want information about news, subscribe!<\/h2>\n<p>[\/et_pb_text][et_pb_signup mailchimp_list=\u00bb68e03d1f21&#8243; use_spam_service=\u00bbon\u00bb recaptcha_list=\u00bbDefault|Default-0&#8243; _builder_version=\u00bb4.17.4&#8243; _module_preset=\u00bbdefault\u00bb form_field_background_color=\u00bb#FFFFFF\u00bb form_field_text_color=\u00bb#000000&#8243; form_field_focus_background_color=\u00bbRGBA(255,255,255,0)\u00bb form_field_focus_text_color=\u00bb#000000&#8243; header_font=\u00bbMontserrat||||||||\u00bb body_font=\u00bbMontserrat||||||||\u00bb result_message_font=\u00bbMontserrat||||||||\u00bb result_message_text_align=\u00bbcenter\u00bb result_message_text_color=\u00bb#000000&#8243; form_field_font=\u00bbMontserrat||||||||\u00bb form_field_text_align=\u00bbleft\u00bb background_color=\u00bbRGBA(255,255,255,0)\u00bb custom_button=\u00bbon\u00bb button_text_color=\u00bb#000000&#8243; button_bg_color=\u00bbRGBA(255,255,255,0)\u00bb button_border_width=\u00bb0px\u00bb button_font=\u00bbMontserrat||||||||\u00bb box_shadow_style_fields=\u00bbpreset1&#8243; box_shadow_style_button=\u00bbpreset1&#8243; global_colors_info=\u00bb{}\u00bb][\/et_pb_signup][et_pb_text _builder_version=\u00bb4.17.4&#8243; _module_preset=\u00bbdefault\u00bb text_font=\u00bbMontserrat||||||||\u00bb header_font=\u00bbMontserrat||||||||\u00bb global_colors_info=\u00bb{}\u00bb]<\/p>\n<p>This site is protected by reCAPTCHA and the Google \u00a0\u00a0<a href=\"https:\/\/policies.google.com\/privacy\">Privacy Policy<\/a> and \u00a0 <a href=\"https:\/\/policies.google.com\/terms\">Terms of Service<\/a> apply.<\/p>\n<p>[\/et_pb_text][\/et_pb_column][\/et_pb_row][\/et_pb_section][et_pb_section fb_built=\u00bb1&#8243; admin_label=\u00bbSubscribe\u00bb _builder_version=\u00bb4.17.4&#8243; use_background_color_gradient=\u00bbon\u00bb background_color_gradient_stops=\u00bb#ffffff 0%|rgba(255,255,255,0) 30%\u00bb background_color_gradient_overlays_image=\u00bbon\u00bb background_color_gradient_start=\u00bb#ffffff\u00bb background_color_gradient_end=\u00bbrgba(255,255,255,0)\u00bb background_color_gradient_end_position=\u00bb30%\u00bb background_enable_image=\u00bboff\u00bb min_height=\u00bb211px\u00bb height=\u00bb100px\u00bb max_height=\u00bb1000px\u00bb custom_padding=\u00bb100px|0px|0vw|0px||\u00bb animation_style=\u00bbslide\u00bb animation_direction=\u00bbbottom\u00bb animation_duration=\u00bb1250ms\u00bb animation_intensity_slide=\u00bb1%\u00bb saved_tabs=\u00bball\u00bb locked=\u00bboff\u00bb global_colors_info=\u00bb{}\u00bb][\/et_pb_section]<\/p>","protected":false},"excerpt":{"rendered":"<p>Partituras Esta es mi tienda de partituras. Si el precio es un problema para t\u00ed, escr\u00edbeme.Si quieres informaci\u00f3n sobre novedades, \u00a1suscr\u00edbete!This site is protected by reCAPTCHA and the Google \u00a0\u00a0Privacy Policy and \u00a0 Terms of Service apply.<\/p>","protected":false},"author":1,"featured_media":0,"parent":0,"menu_order":0,"comment_status":"closed","ping_status":"closed","template":"","meta":{"_et_pb_use_builder":"on","_et_pb_old_content":"","_et_gb_content_width":"","_sitemap_exclude":false,"_sitemap_priority":"","_sitemap_frequency":"","footnotes":""},"class_list":["post-1413","page","type-page","status-publish","hentry"],"yoast_head":"<!-- This site is optimized with the Yoast SEO plugin v26.6 - https:\/\/yoast.com\/wordpress\/plugins\/seo\/ -->\n<title>Tienda - evaugalde.com<\/title>\n<meta name=\"robots\" content=\"index, follow, max-snippet:-1, max-image-preview:large, max-video-preview:-1\" \/>\n<link rel=\"canonical\" href=\"https:\/\/evaugalde.com\/en\/tienda\/\" \/>\n<meta property=\"og:locale\" content=\"en_GB\" \/>\n<meta property=\"og:type\" content=\"article\" \/>\n<meta property=\"og:title\" content=\"Tienda - evaugalde.com\" \/>\n<meta property=\"og:description\" content=\"Partituras Esta es mi tienda de partituras. Si el precio es un problema para t\u00ed, escr\u00edbeme.Si quieres informaci\u00f3n sobre novedades, \u00a1suscr\u00edbete!This site is protected by reCAPTCHA and the Google \u00a0\u00a0Privacy Policy and \u00a0 Terms of Service apply.\" \/>\n<meta property=\"og:url\" content=\"https:\/\/evaugalde.com\/en\/tienda\/\" \/>\n<meta property=\"og:site_name\" content=\"evaugalde.com\" \/>\n<meta property=\"article:modified_time\" content=\"2022-07-22T09:44:04+00:00\" \/>\n<meta name=\"twitter:card\" content=\"summary_large_image\" \/>\n<script type=\"application\/ld+json\" class=\"yoast-schema-graph\">{\"@context\":\"https:\/\/schema.org\",\"@graph\":[{\"@type\":\"WebPage\",\"@id\":\"https:\/\/evaugalde.com\/en\/tienda\/\",\"url\":\"https:\/\/evaugalde.com\/en\/tienda\/\",\"name\":\"Tienda - evaugalde.com\",\"isPartOf\":{\"@id\":\"https:\/\/evaugalde.com\/es\/#website\"},\"datePublished\":\"2022-06-29T12:23:03+00:00\",\"dateModified\":\"2022-07-22T09:44:04+00:00\",\"breadcrumb\":{\"@id\":\"https:\/\/evaugalde.com\/en\/tienda\/#breadcrumb\"},\"inLanguage\":\"en-GB\",\"potentialAction\":[{\"@type\":\"ReadAction\",\"target\":[\"https:\/\/evaugalde.com\/en\/tienda\/\"]}]},{\"@type\":\"BreadcrumbList\",\"@id\":\"https:\/\/evaugalde.com\/en\/tienda\/#breadcrumb\",\"itemListElement\":[{\"@type\":\"ListItem\",\"position\":1,\"name\":\"inicio\",\"item\":\"https:\/\/evaugalde.com\/\"},{\"@type\":\"ListItem\",\"position\":2,\"name\":\"Tienda\"}]},{\"@type\":\"WebSite\",\"@id\":\"https:\/\/evaugalde.com\/es\/#website\",\"url\":\"https:\/\/evaugalde.com\/es\/\",\"name\":\"evaugalde.com\",\"description\":\"Eva Ugalde, compositora donostiarra\",\"publisher\":{\"@id\":\"https:\/\/evaugalde.com\/es\/#\/schema\/person\/56c0237c3744fdd6c3b347a6dd9a9809\"},\"potentialAction\":[{\"@type\":\"SearchAction\",\"target\":{\"@type\":\"EntryPoint\",\"urlTemplate\":\"https:\/\/evaugalde.com\/es\/?s={search_term_string}\"},\"query-input\":{\"@type\":\"PropertyValueSpecification\",\"valueRequired\":true,\"valueName\":\"search_term_string\"}}],\"inLanguage\":\"en-GB\"},{\"@type\":[\"Person\",\"Organization\"],\"@id\":\"https:\/\/evaugalde.com\/es\/#\/schema\/person\/56c0237c3744fdd6c3b347a6dd9a9809\",\"name\":\"Eva Ugalde\",\"image\":{\"@type\":\"ImageObject\",\"inLanguage\":\"en-GB\",\"@id\":\"https:\/\/evaugalde.com\/es\/#\/schema\/person\/image\/\",\"url\":\"https:\/\/evaugalde.com\/wp-content\/uploads\/2022\/09\/Eva-Ugalde-byn.jpeg\",\"contentUrl\":\"https:\/\/evaugalde.com\/wp-content\/uploads\/2022\/09\/Eva-Ugalde-byn.jpeg\",\"width\":576,\"height\":1024,\"caption\":\"Eva Ugalde\"},\"logo\":{\"@id\":\"https:\/\/evaugalde.com\/es\/#\/schema\/person\/image\/\"},\"sameAs\":[\"https:\/\/evaugalde.com\"]}]}<\/script>\n<!-- \/ Yoast SEO plugin. -->","yoast_head_json":{"title":"Tienda - evaugalde.com","robots":{"index":"index","follow":"follow","max-snippet":"max-snippet:-1","max-image-preview":"max-image-preview:large","max-video-preview":"max-video-preview:-1"},"canonical":"https:\/\/evaugalde.com\/en\/tienda\/","og_locale":"en_GB","og_type":"article","og_title":"Tienda - evaugalde.com","og_description":"Partituras Esta es mi tienda de partituras. Si el precio es un problema para t\u00ed, escr\u00edbeme.Si quieres informaci\u00f3n sobre novedades, \u00a1suscr\u00edbete!This site is protected by reCAPTCHA and the Google \u00a0\u00a0Privacy Policy and \u00a0 Terms of Service apply.","og_url":"https:\/\/evaugalde.com\/en\/tienda\/","og_site_name":"evaugalde.com","article_modified_time":"2022-07-22T09:44:04+00:00","twitter_card":"summary_large_image","schema":{"@context":"https:\/\/schema.org","@graph":[{"@type":"WebPage","@id":"https:\/\/evaugalde.com\/en\/tienda\/","url":"https:\/\/evaugalde.com\/en\/tienda\/","name":"Tienda - evaugalde.com","isPartOf":{"@id":"https:\/\/evaugalde.com\/es\/#website"},"datePublished":"2022-06-29T12:23:03+00:00","dateModified":"2022-07-22T09:44:04+00:00","breadcrumb":{"@id":"https:\/\/evaugalde.com\/en\/tienda\/#breadcrumb"},"inLanguage":"en-GB","potentialAction":[{"@type":"ReadAction","target":["https:\/\/evaugalde.com\/en\/tienda\/"]}]},{"@type":"BreadcrumbList","@id":"https:\/\/evaugalde.com\/en\/tienda\/#breadcrumb","itemListElement":[{"@type":"ListItem","position":1,"name":"inicio","item":"https:\/\/evaugalde.com\/"},{"@type":"ListItem","position":2,"name":"Tienda"}]},{"@type":"WebSite","@id":"https:\/\/evaugalde.com\/es\/#website","url":"https:\/\/evaugalde.com\/es\/","name":"evaugalde.com","description":"Eva Ugalde, compositora donostiarra","publisher":{"@id":"https:\/\/evaugalde.com\/es\/#\/schema\/person\/56c0237c3744fdd6c3b347a6dd9a9809"},"potentialAction":[{"@type":"SearchAction","target":{"@type":"EntryPoint","urlTemplate":"https:\/\/evaugalde.com\/es\/?s={search_term_string}"},"query-input":{"@type":"PropertyValueSpecification","valueRequired":true,"valueName":"search_term_string"}}],"inLanguage":"en-GB"},{"@type":["Person","Organization"],"@id":"https:\/\/evaugalde.com\/es\/#\/schema\/person\/56c0237c3744fdd6c3b347a6dd9a9809","name":"Eva Ugalde","image":{"@type":"ImageObject","inLanguage":"en-GB","@id":"https:\/\/evaugalde.com\/es\/#\/schema\/person\/image\/","url":"https:\/\/evaugalde.com\/wp-content\/uploads\/2022\/09\/Eva-Ugalde-byn.jpeg","contentUrl":"https:\/\/evaugalde.com\/wp-content\/uploads\/2022\/09\/Eva-Ugalde-byn.jpeg","width":576,"height":1024,"caption":"Eva Ugalde"},"logo":{"@id":"https:\/\/evaugalde.com\/es\/#\/schema\/person\/image\/"},"sameAs":["https:\/\/evaugalde.com"]}]}},"_links":{"self":[{"href":"https:\/\/evaugalde.com\/en\/wp-json\/wp\/v2\/pages\/1413","targetHints":{"allow":["GET"]}}],"collection":[{"href":"https:\/\/evaugalde.com\/en\/wp-json\/wp\/v2\/pages"}],"about":[{"href":"https:\/\/evaugalde.com\/en\/wp-json\/wp\/v2\/types\/page"}],"author":[{"embeddable":true,"href":"https:\/\/evaugalde.com\/en\/wp-json\/wp\/v2\/users\/1"}],"replies":[{"embeddable":true,"href":"https:\/\/evaugalde.com\/en\/wp-json\/wp\/v2\/comments?post=1413"}],"version-history":[{"count":12,"href":"https:\/\/evaugalde.com\/en\/wp-json\/wp\/v2\/pages\/1413\/revisions"}],"predecessor-version":[{"id":1954,"href":"https:\/\/evaugalde.com\/en\/wp-json\/wp\/v2\/pages\/1413\/revisions\/1954"}],"wp:attachment":[{"href":"https:\/\/evaugalde.com\/en\/wp-json\/wp\/v2\/media?parent=1413"}],"curies":[{"name":"wp","href":"https:\/\/api.w.org\/{rel}","templated":true}]}}